{"id":493,"date":"2025-05-30T02:51:49","date_gmt":"2025-05-30T02:51:49","guid":{"rendered":"http:\/\/ivstitia.co\/?page_id=493"},"modified":"2025-05-30T02:51:49","modified_gmt":"2025-05-30T02:51:49","slug":"o-mensalao-do-inss-politicos-recebiam-pagamentos-de-associacoes-e-sindicatos-beneficiados-no-esquema-do-inss","status":"publish","type":"page","link":"https:\/\/iustitia.com.br\/en\/?page_id=493","title":{"rendered":"The INSS allowance: Politicians received payments from associations and unions that benefited from the INSS scheme"},"content":{"rendered":"<div class=\"wp-block-image\"><figure><img decoding=\"async\" src=\"https:\/\/vendedoradesonhos.com.br\/img\/sites\/img_mensalao_inss.jpg\" alt=\"\" style=\"width:100%\"><figcaption>Pol\u00edticos recebiam pagamentos de associa\u00e7\u00f5es e sindicatos beneficiados no esquema do INSS<\/figcaption><\/figure><\/div><hr><\/p><p>\r\n\t<a href='https:\/\/ivstitia.co\"s=inss'>#INSS<\/a>\u00a0<\/p><p><\/p><p>\r\n\t<strong>The scandal known as the &#8220;INSS Mensal\u00e3o&#8221;, recently highlighted in a report by Band, revealed a fraud scheme at the National Institute of Social Security (INSS) that involved irregular discounts on benefits for retirees and pensioners, carried out by associations and unions.<\/strong><\/p><p><\/p><p>\r\nThe case gained notoriety not only for the losses estimated at billions of reais, but also for the allegations that entities favored by the scheme paid monthly payments to politicians, configuring what was dubbed the &#8220;INSS Mensal\u00e3o&#8221;.<\/p><p>\r\nThis article gathers information from reliable sources, such as CNN Brasil, G1\/Globo and Jovem Pan, and analyzes the allegations of political involvement, with an emphasis on the alleged monthly payments.\r\n<\/p><p>\r\n<div class=\"wp-block-image\"><figure><blockquote class=\"twitter-tweet\" data-theme=\"dark\"><p lang=\"pt\" dir=\"ltr\">O jornalismo da Band conversou com fontes da investiga\u00e7\u00e3o das fraudes no INSS e alguns detalhes j\u00e1 est\u00e1 sendo chamado a aten\u00e7\u00e3o. Segundo essas fontes, existia um &#8220;Mensal\u00e3o do INSS&#8221;. <a href=\"https:\/\/t.co\/HxPX1N7G9D\">pic.twitter.com\/HxPX1N7G9D<\/a><\/p>? Band Jornalismo (@BandJornalismo) <a href=\"https:\/\/twitter.com\/BandJornalismo\/status\/1928171422884463074\"ref_src=twsrc%5Etfw\">May 29, 2025<\/a><\/blockquote> <script async src=\"https:\/\/platform.twitter.com\/widgets.js\" charset=\"utf-8\"><\/script><figcaption>Band&#8217;s journalism team spoke to sources involved in the investigation into INSS fraud and some details are already being brought to attention. According to these sources, there was an &#8220;INSS Monthly Payment Scheme&#8221;.<\/figcaption><\/figure><\/div><hr><\/p><p><b>The INSS Fraud Scheme<\/b>\r\n<\/p><p>\r\nOperation Sem Desconto, launched by the Federal Police (PF) and the Office of the Comptroller General of the Union (CGU) on April 23, 2025, exposed a scheme that operated between 2019 and 2024, causing losses estimated at between R$6.3 and R$8 billion.<\/p><p>\r\nAssociations and unions, through Technical Cooperation Agreements (ACT) with the INSS, discounted undue amounts from retirees&#8217; benefits, often without their consent, under the pretext of membership fees.<\/p><p>\r\nThe CGU identified that most of these fraudulent agreements were signed between 2021 and 2022, during the government of Jair Bolsonaro, with 9 of the 11 entities involved registered during this period.\r\n<\/p><p>\r\nThe scheme involved the participation of INSS employees, lobbyists and organizations such as the National Confederation of Agricultural Workers (Contag) and the National Confederation of Family Farmers (Conafer).<\/p><p>\r\nKey figures, such as lobbyist Ant\u00f4nio Carlos Camilo Antunes (&#8220;Careca do INSS&#8221;), moved millions, with notes suggesting bribes, such as &#8220;Stefa 5%&#8221;, possibly intended for Alessandro Stefanutto, former president of INSS affiliated with the PDT and PSB.\r\n<\/p><p><\/p><p>\r\n<b>The &#8220;INSS Monthly Payment&#8221; &#8211; Allowances to Politicians<\/b>\r\n<\/p><p>\r\nThe term &#8220;INSS Monthly Payment&#8221; appeared in posts on X, such as the one by @BandJornalismo, which alleges that organizations benefiting from the scheme paid allowances to politicians to ensure the continuation of the fraud.<\/p><p>\r\nAlthough these allegations lack concrete evidence, investigations point to possible connections with political figures from different spectrums:\r\n<\/p><p>\r\nOpposition members of parliament, such as Luciano Zucco (PL-RS), compare the case to the Mensal\u00e3o and Petrol\u00e3o scandals, while the Lula government claims to have dismantled the scheme, pointing to its origins in the Bolsonaro administration.\r\n<\/p><p><\/p><p>\r\n<b>Impact and Official Response<\/b>\r\n<\/p><p>\r\nThe scandal exposed serious flaws in the INSS oversight, with direct impacts on retirees who had their benefits unduly reduced.\r\n<\/p><p>\r\nThe &#8220;INSS Mensal\u00e3o&#8221; has reignited political disputes: the Planalto blames the Bolsonaro administration, while the opposition tries to link the scandal to the PT.<\/p><p>\r\nThe allegations of monthly payments to politicians, although widely discussed in posts on X, have not yet been proven and should be treated with caution.<\/p><p>\r\nThe investigation is ongoing, with 12 inquiries opened by the PF and an Administrative Accountability Proceeding (PAR) underway.<\/p><p><\/p><p>\r\n<hr>\r\n\r\n<p style=\"text-align:right\"><em>Published in 05\/30\/2025 02h51<\/em><\/p>\r\n<hr>\r\n<p style=\"text-align:right\"><em><a href=\"https:\/\/iustitia.com.br\/?page_id=2772\">Portuguese version<\/a><\/em><\/p>\r\n<hr>\r\n\r\n\t\t<p>Text adapted by AI (Grok) and translated via Google API in the English version. Images from public image libraries or credits in the caption.<\/p>\r\n\t\t<hr>\r\n\t\t<p>Reference article:<\/p>\r\n\t\t\r\n\t\t\r\n\r\n\r\n<ul class=\"wp-block-list\"><li><a href=\"https:\/\/www.band.com.br\/noticias\/mensalao-do-inss-investigacao-fraude-politicos-mesada-202505291625\" target=\"_blank\">https:\/\/www.band.com.br\/noticias\/mensalao-do-inss-investigacao-fraude-politicos-mesada-202505291625<\/a><\/li><\/ul>\r\n\r\n\r\n\r\n\r\n<hr class=\"wp-block-separator is-style-wide\"\/>\r\n\r\n<div style=\"position: buttonline;\"><iframe loading=\"lazy\" src=\"https:\/\/vendedoradesonhos.com.br\/rodape_sites.php?arg=39190\" frameborder=\"0\" height=\"420px\" width=\"100%\"><\/iframe><\/div>\r\n<div style=\"position: buttonline;\"><iframe loading=\"lazy\" src=\"https:\/\/vendedoradesonhos.com.br\/comentario_navegacao.php?arg=39190\" frameborder=\"0\" height=\"500px\" width=\"100%\"><\/iframe><\/div>\r\n<div style=\"position:absolute; width:40%; height:70px; top:-70px; left:0px;\"><iframe loading=\"lazy\" src=\"https:\/\/vendedoradesonhos.com.br\/oferta_site_esq.php?arg=39190\" frameborder=\"0\" height=\"100%\" width=\"100%\"><\/iframe><\/div>\r\n<div style=\"position:absolute; width:40%; height:70px; top:-70px; right:0px;\"><iframe loading=\"lazy\" src=\"https:\/\/vendedoradesonhos.com.br\/oferta_site_dir.php?arg=39190\" frameborder=\"0\" height=\"100%;\" width=\"100%\"><\/iframe><\/div>\r\n<a href=\"https:\/\/jagsystem.com\">\r\n<div style=\"position:absolute; height:200px; width:94%; left:3%; text-align:center; border-color: white; border-radius: 5px; border-style: solid;\">\r\n<table width=\"100%\" align=\"center\"><tr><td width=\"30%\" align=\"right\">Geoprocessing<br>Drone Systems<br>HPC<\/td><td width=\"30%\">\r\n<img decoding=\"async\" src=\"https:\/\/vendedoradesonhos.com.br\/wp-content\/uploads\/2022\/10\/logo_branco_jag6.png\" vspace=\"20\" width=\"250\" border=\"0\">\r\n<\/td><td width=\"30%\" align=\"left\">ERP and CRM Systems<br>Mobile Systems<br>AI<\/td><\/tr><\/table>\r\n<\/div>\r\n<\/a><br><br><br><br>","protected":false},"excerpt":{"rendered":"","protected":false},"author":1,"featured_media":0,"parent":20,"menu_order":0,"comment_status":"closed","ping_status":"closed","template":"","meta":{"footnotes":""},"class_list":["post-493","page","type-page","status-publish","hentry"],"_links":{"self":[{"href":"https:\/\/iustitia.com.br\/en\/index.php?rest_route=\/wp\/v2\/pages\/493","targetHints":{"allow":["GET"]}}],"collection":[{"href":"https:\/\/iustitia.com.br\/en\/index.php?rest_route=\/wp\/v2\/pages"}],"about":[{"href":"https:\/\/iustitia.com.br\/en\/index.php?rest_route=\/wp\/v2\/types\/page"}],"author":[{"embeddable":true,"href":"https:\/\/iustitia.com.br\/en\/index.php?rest_route=\/wp\/v2\/users\/1"}],"replies":[{"embeddable":true,"href":"https:\/\/iustitia.com.br\/en\/index.php?rest_route=%2Fwp%2Fv2%2Fcomments&post=493"}],"version-history":[{"count":0,"href":"https:\/\/iustitia.com.br\/en\/index.php?rest_route=\/wp\/v2\/pages\/493\/revisions"}],"up":[{"embeddable":true,"href":"https:\/\/iustitia.com.br\/en\/index.php?rest_route=\/wp\/v2\/pages\/20"}],"wp:attachment":[{"href":"https:\/\/iustitia.com.br\/en\/index.php?rest_route=%2Fwp%2Fv2%2Fmedia&parent=493"}],"curies":[{"name":"wp","href":"https:\/\/api.w.org\/{rel}","templated":true}]}}